{"id":59,"date":"2020-08-11T15:55:03","date_gmt":"2020-08-11T15:55:03","guid":{"rendered":"http:\/\/herreriaterrana.com\/sitioweb\/?page_id=59"},"modified":"2023-03-22T18:21:37","modified_gmt":"2023-03-22T18:21:37","slug":"portones-y-automatizaciones","status":"publish","type":"page","link":"http:\/\/herreriaterrana.com\/sitioweb\/portones-y-automatizaciones\/","title":{"rendered":"Portones y Automatizaciones"},"content":{"rendered":"\t\t<div data-elementor-type=\"wp-page\" data-elementor-id=\"59\" class=\"elementor elementor-59\">\n\t\t\t\t\t\t<section class=\"elementor-section elementor-top-section elementor-element elementor-element-42418a41 elementor-section-height-min-height elementor-section-content-middle elementor-section-boxed elementor-section-height-default elementor-section-items-middle\" data-id=\"42418a41\" data-element_type=\"section\" data-e-type=\"section\" data-settings=\"{&quot;background_background&quot;:&quot;slideshow&quot;,&quot;background_slideshow_gallery&quot;:[{&quot;id&quot;:290,&quot;url&quot;:&quot;http:\\\/\\\/herreriaterrana.com\\\/sitioweb\\\/wp-content\\\/uploads\\\/2023\\\/03\\\/porton_marzo6.jpeg&quot;},{&quot;id&quot;:146,&quot;url&quot;:&quot;http:\\\/\\\/herreriaterrana.com\\\/sitioweb\\\/wp-content\\\/uploads\\\/2020\\\/09\\\/porton_levante.jpg&quot;},{&quot;id&quot;:145,&quot;url&quot;:&quot;http:\\\/\\\/herreriaterrana.com\\\/sitioweb\\\/wp-content\\\/uploads\\\/2020\\\/09\\\/porton_batiente.jpg&quot;},{&quot;id&quot;:18,&quot;url&quot;:&quot;http:\\\/\\\/herreriaterrana.com\\\/sitioweb\\\/wp-content\\\/uploads\\\/2020\\\/08\\\/portopn_corredizo.jpg&quot;},{&quot;id&quot;:291,&quot;url&quot;:&quot;http:\\\/\\\/herreriaterrana.com\\\/sitioweb\\\/wp-content\\\/uploads\\\/2023\\\/03\\\/porton_marzo2.jpeg&quot;}],&quot;background_slideshow_loop&quot;:&quot;yes&quot;,&quot;background_slideshow_slide_duration&quot;:5000,&quot;background_slideshow_slide_transition&quot;:&quot;fade&quot;,&quot;background_slideshow_transition_duration&quot;:500}\">\n\t\t\t\t\t\t\t<div class=\"elementor-background-overlay\"><\/div>\n\t\t\t\t\t\t\t<div class=\"elementor-container elementor-column-gap-no\">\n\t\t\t\t\t<div class=\"elementor-column elementor-col-100 elementor-top-column elementor-element elementor-element-56184e3\" data-id=\"56184e3\" data-element_type=\"column\" data-e-type=\"column\">\n\t\t\t<div class=\"elementor-widget-wrap elementor-element-populated\">\n\t\t\t\t\t\t<div class=\"elementor-element elementor-element-25f1ec4 elementor-widget elementor-widget-heading\" data-id=\"25f1ec4\" data-element_type=\"widget\" data-e-type=\"widget\" data-widget_type=\"heading.default\">\n\t\t\t\t<div class=\"elementor-widget-container\">\n\t\t\t\t\t<h2 class=\"elementor-heading-title elementor-size-default\">Portones<\/h2>\t\t\t\t<\/div>\n\t\t\t\t<\/div>\n\t\t\t\t<div class=\"elementor-element elementor-element-e6ef353 elementor-widget elementor-widget-heading\" data-id=\"e6ef353\" data-element_type=\"widget\" data-e-type=\"widget\" data-widget_type=\"heading.default\">\n\t\t\t\t<div class=\"elementor-widget-container\">\n\t\t\t\t\t<h2 class=\"elementor-heading-title elementor-size-default\">Levadizos - Corredizos - Batientes <\/h2>\t\t\t\t<\/div>\n\t\t\t\t<\/div>\n\t\t\t\t\t<\/div>\n\t\t<\/div>\n\t\t\t\t\t<\/div>\n\t\t<\/section>\n\t\t\t\t<section class=\"elementor-section elementor-top-section elementor-element elementor-element-cf1bf3b elementor-section-boxed elementor-section-height-default elementor-section-height-default\" data-id=\"cf1bf3b\" data-element_type=\"section\" data-e-type=\"section\">\n\t\t\t\t\t\t<div class=\"elementor-container elementor-column-gap-default\">\n\t\t\t\t\t<div class=\"elementor-column elementor-col-50 elementor-top-column elementor-element elementor-element-0796b5f\" data-id=\"0796b5f\" data-element_type=\"column\" data-e-type=\"column\">\n\t\t\t<div class=\"elementor-widget-wrap elementor-element-populated\">\n\t\t\t\t\t\t<div class=\"elementor-element elementor-element-bea671f elementor-widget elementor-widget-image\" data-id=\"bea671f\" data-element_type=\"widget\" data-e-type=\"widget\" data-widget_type=\"image.default\">\n\t\t\t\t<div class=\"elementor-widget-container\">\n\t\t\t\t\t\t\t\t\t\t\t\t\t\t\t<img fetchpriority=\"high\" decoding=\"async\" width=\"1024\" height=\"768\" src=\"http:\/\/herreriaterrana.com\/sitioweb\/wp-content\/uploads\/2020\/09\/porton_levante-1024x768.jpg\" class=\"attachment-large size-large wp-image-146\" alt=\"\" srcset=\"http:\/\/herreriaterrana.com\/sitioweb\/wp-content\/uploads\/2020\/09\/porton_levante-1024x768.jpg 1024w, http:\/\/herreriaterrana.com\/sitioweb\/wp-content\/uploads\/2020\/09\/porton_levante-300x225.jpg 300w, http:\/\/herreriaterrana.com\/sitioweb\/wp-content\/uploads\/2020\/09\/porton_levante-768x576.jpg 768w, http:\/\/herreriaterrana.com\/sitioweb\/wp-content\/uploads\/2020\/09\/porton_levante.jpg 1296w\" sizes=\"(max-width: 1024px) 100vw, 1024px\" \/>\t\t\t\t\t\t\t\t\t\t\t\t\t\t\t<\/div>\n\t\t\t\t<\/div>\n\t\t\t\t\t<\/div>\n\t\t<\/div>\n\t\t\t\t<div class=\"elementor-column elementor-col-50 elementor-top-column elementor-element elementor-element-5d34e52\" data-id=\"5d34e52\" data-element_type=\"column\" data-e-type=\"column\">\n\t\t\t<div class=\"elementor-widget-wrap elementor-element-populated\">\n\t\t\t\t\t\t<div class=\"elementor-element elementor-element-1232301 elementor-widget elementor-widget-heading\" data-id=\"1232301\" data-element_type=\"widget\" data-e-type=\"widget\" data-widget_type=\"heading.default\">\n\t\t\t\t<div class=\"elementor-widget-container\">\n\t\t\t\t\t<h2 class=\"elementor-heading-title elementor-size-default\">Port\u00f3n Levadizo<\/h2>\t\t\t\t<\/div>\n\t\t\t\t<\/div>\n\t\t\t\t<div class=\"elementor-element elementor-element-1ad4d68 elementor-widget elementor-widget-text-editor\" data-id=\"1ad4d68\" data-element_type=\"widget\" data-e-type=\"widget\" data-widget_type=\"text-editor.default\">\n\t\t\t\t<div class=\"elementor-widget-container\">\n\t\t\t\t\t\t\t\t\t<p>El port\u00f3n levadizo seccional es un producto de alta tecnolog\u00eda, de f\u00e1cil apertura y una elegancia sin comparaci\u00f3n.<\/p><p>Pueden instalarse tanto en hogares como en centros comerciales y empresas ofreciendo seguridad y comodidad. Adem\u00e1s, su mecanismo de bloqueo ante roturas permite darle una vida \u00fatil por encima de la media.<\/p>\t\t\t\t\t\t\t\t<\/div>\n\t\t\t\t<\/div>\n\t\t\t\t\t<\/div>\n\t\t<\/div>\n\t\t\t\t\t<\/div>\n\t\t<\/section>\n\t\t\t\t<section class=\"elementor-section elementor-top-section elementor-element elementor-element-d1f8133 elementor-section-boxed elementor-section-height-default elementor-section-height-default\" data-id=\"d1f8133\" data-element_type=\"section\" data-e-type=\"section\">\n\t\t\t\t\t\t<div class=\"elementor-container elementor-column-gap-default\">\n\t\t\t\t\t<div class=\"elementor-column elementor-col-100 elementor-top-column elementor-element elementor-element-fee9621\" data-id=\"fee9621\" data-element_type=\"column\" data-e-type=\"column\">\n\t\t\t<div class=\"elementor-widget-wrap elementor-element-populated\">\n\t\t\t\t\t\t<div class=\"elementor-element elementor-element-7e2d4f6 elementor-widget elementor-widget-heading\" data-id=\"7e2d4f6\" data-element_type=\"widget\" data-e-type=\"widget\" data-widget_type=\"heading.default\">\n\t\t\t\t<div class=\"elementor-widget-container\">\n\t\t\t\t\t<h2 class=\"elementor-heading-title elementor-size-default\">Ficha t\u00e9cnica<\/h2>\t\t\t\t<\/div>\n\t\t\t\t<\/div>\n\t\t\t\t<div class=\"elementor-element elementor-element-8456c20 elementor-widget elementor-widget-text-editor\" data-id=\"8456c20\" data-element_type=\"widget\" data-e-type=\"widget\" data-widget_type=\"text-editor.default\">\n\t\t\t\t<div class=\"elementor-widget-container\">\n\t\t\t\t\t\t\t\t\t<p><span style=\"font-size: 15px;\">Posee hojas de chapa externa de 0,40 mil\u00edmetros, doble galvanizado en color acero que impiden la oxidaci\u00f3n o cuarteado, libre de mantenimiento garantizando paneles limpios y est\u00e9ticos por un largo periodo de tiempo.<\/span><\/p><p>La c\u00e1mara formada por las hojas est\u00e1 rellena de material poliuretano de alta calidad, brindando aislamiento ac\u00fastico y t\u00e9rmico, adem\u00e1s de reforzar el cuerpo de la puerta.<\/p><p>El exterior del mismo est\u00e1 pintado con pintura epoxica protegi\u00e9ndolo de corrosi\u00f3n por agentes externos.<\/p><p>Si usted ya posee un port\u00f3n de garaje y desea hacerlo levadizo no dude en consultarnos que le haremos un presupuesto a su medida.<\/p>\t\t\t\t\t\t\t\t<\/div>\n\t\t\t\t<\/div>\n\t\t\t\t\t<\/div>\n\t\t<\/div>\n\t\t\t\t\t<\/div>\n\t\t<\/section>\n\t\t\t\t<section class=\"elementor-section elementor-top-section elementor-element elementor-element-edc6877 elementor-section-boxed elementor-section-height-default elementor-section-height-default\" data-id=\"edc6877\" data-element_type=\"section\" data-e-type=\"section\">\n\t\t\t\t\t\t<div class=\"elementor-container elementor-column-gap-default\">\n\t\t\t\t\t<div class=\"elementor-column elementor-col-50 elementor-top-column elementor-element elementor-element-bc66550\" data-id=\"bc66550\" data-element_type=\"column\" data-e-type=\"column\" data-settings=\"{&quot;background_background&quot;:&quot;slideshow&quot;,&quot;background_slideshow_gallery&quot;:[{&quot;id&quot;:226,&quot;url&quot;:&quot;http:\\\/\\\/herreriaterrana.com\\\/sitioweb\\\/wp-content\\\/uploads\\\/2021\\\/01\\\/porton_corredizo.jpg&quot;},{&quot;id&quot;:295,&quot;url&quot;:&quot;http:\\\/\\\/herreriaterrana.com\\\/sitioweb\\\/wp-content\\\/uploads\\\/2023\\\/03\\\/porton_marzo1.jpeg&quot;},{&quot;id&quot;:296,&quot;url&quot;:&quot;http:\\\/\\\/herreriaterrana.com\\\/sitioweb\\\/wp-content\\\/uploads\\\/2023\\\/03\\\/porton_marzo5.jpeg&quot;},{&quot;id&quot;:297,&quot;url&quot;:&quot;http:\\\/\\\/herreriaterrana.com\\\/sitioweb\\\/wp-content\\\/uploads\\\/2023\\\/03\\\/porton_marzo4.jpeg&quot;}],&quot;background_slideshow_loop&quot;:&quot;yes&quot;,&quot;background_slideshow_slide_duration&quot;:5000,&quot;background_slideshow_slide_transition&quot;:&quot;fade&quot;,&quot;background_slideshow_transition_duration&quot;:500}\">\n\t\t\t<div class=\"elementor-widget-wrap elementor-element-populated\">\n\t\t\t\t\t\t<div class=\"elementor-element elementor-element-0cf4fc8 elementor-widget elementor-widget-spacer\" data-id=\"0cf4fc8\" data-element_type=\"widget\" data-e-type=\"widget\" data-widget_type=\"spacer.default\">\n\t\t\t\t<div class=\"elementor-widget-container\">\n\t\t\t\t\t\t\t<div class=\"elementor-spacer\">\n\t\t\t<div class=\"elementor-spacer-inner\"><\/div>\n\t\t<\/div>\n\t\t\t\t\t\t<\/div>\n\t\t\t\t<\/div>\n\t\t\t\t\t<\/div>\n\t\t<\/div>\n\t\t\t\t<div class=\"elementor-column elementor-col-50 elementor-top-column elementor-element elementor-element-4c4c916\" data-id=\"4c4c916\" data-element_type=\"column\" data-e-type=\"column\">\n\t\t\t<div class=\"elementor-widget-wrap elementor-element-populated\">\n\t\t\t\t\t\t<div class=\"elementor-element elementor-element-50afb2b elementor-widget elementor-widget-heading\" data-id=\"50afb2b\" data-element_type=\"widget\" data-e-type=\"widget\" data-widget_type=\"heading.default\">\n\t\t\t\t<div class=\"elementor-widget-container\">\n\t\t\t\t\t<h2 class=\"elementor-heading-title elementor-size-default\">Port\u00f3n Corredizo<\/h2>\t\t\t\t<\/div>\n\t\t\t\t<\/div>\n\t\t\t\t<div class=\"elementor-element elementor-element-bafeeb4 elementor-widget elementor-widget-text-editor\" data-id=\"bafeeb4\" data-element_type=\"widget\" data-e-type=\"widget\" data-widget_type=\"text-editor.default\">\n\t\t\t\t<div class=\"elementor-widget-container\">\n\t\t\t\t\t\t\t\t\t<p>Ofrecemos la fabricaci\u00f3n integra de portones corredizos modernos utilizando materiales de alta calidad, quedar\u00e1 completamente funcional para operarlo manualmente y preparado para su futura automatizaci\u00f3n. Esto le brindar\u00e1 confort y seguridad a la hora de ingresar a su residencia.<\/p><p>La colocaci\u00f3n ser\u00e1 con guias empotradas con hormigon otorgandole gran resistencia ante el tr\u00e1nsito de autos.<\/p>\t\t\t\t\t\t\t\t<\/div>\n\t\t\t\t<\/div>\n\t\t\t\t\t<\/div>\n\t\t<\/div>\n\t\t\t\t\t<\/div>\n\t\t<\/section>\n\t\t\t\t<section class=\"elementor-section elementor-top-section elementor-element elementor-element-63378bf elementor-section-boxed elementor-section-height-default elementor-section-height-default\" data-id=\"63378bf\" data-element_type=\"section\" data-e-type=\"section\">\n\t\t\t\t\t\t<div class=\"elementor-container elementor-column-gap-default\">\n\t\t\t\t\t<div class=\"elementor-column elementor-col-100 elementor-top-column elementor-element elementor-element-d1a84e0\" data-id=\"d1a84e0\" data-element_type=\"column\" data-e-type=\"column\">\n\t\t\t<div class=\"elementor-widget-wrap elementor-element-populated\">\n\t\t\t\t\t\t<div class=\"elementor-element elementor-element-da7a34d elementor-widget elementor-widget-heading\" data-id=\"da7a34d\" data-element_type=\"widget\" data-e-type=\"widget\" data-widget_type=\"heading.default\">\n\t\t\t\t<div class=\"elementor-widget-container\">\n\t\t\t\t\t<h2 class=\"elementor-heading-title elementor-size-default\">Automatizaci\u00f3n<\/h2>\t\t\t\t<\/div>\n\t\t\t\t<\/div>\n\t\t\t\t<div class=\"elementor-element elementor-element-efb601c elementor-widget elementor-widget-text-editor\" data-id=\"efb601c\" data-element_type=\"widget\" data-e-type=\"widget\" data-widget_type=\"text-editor.default\">\n\t\t\t\t<div class=\"elementor-widget-container\">\n\t\t\t\t\t\t\t\t\t<p>\u00a0<\/p><p>Todas nuestras automatizaciones cuentan con una garant\u00eda de 3 a\u00f1os, utilizamos motores de alta calidad. Los engranajes son de acero y bronce garantizando su durabilidad y correcto funcionamiento.<br \/><br \/><span style=\"font-size: 15px;\">Poseen sistema de desacople con llave que permite operarlo manualmente en caso de falta de luz.<br \/><\/span><span style=\"font-size: 15px;\">Cont\u00e1ctenos y le ofreceremos el modelo de motor que se adecue a sus necesidades.<\/span><\/p><p>\u00a0<\/p>\t\t\t\t\t\t\t\t<\/div>\n\t\t\t\t<\/div>\n\t\t\t\t\t<\/div>\n\t\t<\/div>\n\t\t\t\t\t<\/div>\n\t\t<\/section>\n\t\t\t\t<section class=\"elementor-section elementor-top-section elementor-element elementor-element-7039bef elementor-section-boxed elementor-section-height-default elementor-section-height-default\" data-id=\"7039bef\" data-element_type=\"section\" data-e-type=\"section\">\n\t\t\t\t\t\t<div class=\"elementor-container elementor-column-gap-default\">\n\t\t\t\t\t<div class=\"elementor-column elementor-col-50 elementor-top-column elementor-element elementor-element-e540af6\" data-id=\"e540af6\" data-element_type=\"column\" data-e-type=\"column\" data-settings=\"{&quot;background_background&quot;:&quot;slideshow&quot;,&quot;background_slideshow_gallery&quot;:[],&quot;background_slideshow_loop&quot;:&quot;yes&quot;,&quot;background_slideshow_slide_duration&quot;:5000,&quot;background_slideshow_slide_transition&quot;:&quot;fade&quot;,&quot;background_slideshow_transition_duration&quot;:500}\">\n\t\t\t<div class=\"elementor-widget-wrap elementor-element-populated\">\n\t\t\t\t\t\t<div class=\"elementor-element elementor-element-1ba3431 elementor-widget elementor-widget-image\" data-id=\"1ba3431\" data-element_type=\"widget\" data-e-type=\"widget\" data-widget_type=\"image.default\">\n\t\t\t\t<div class=\"elementor-widget-container\">\n\t\t\t\t\t\t\t\t\t\t\t\t\t\t\t<img decoding=\"async\" width=\"1024\" height=\"682\" src=\"http:\/\/herreriaterrana.com\/sitioweb\/wp-content\/uploads\/2021\/01\/Batiente-3-1024x682.jpg\" class=\"attachment-large size-large wp-image-232\" alt=\"\" srcset=\"http:\/\/herreriaterrana.com\/sitioweb\/wp-content\/uploads\/2021\/01\/Batiente-3-1024x682.jpg 1024w, http:\/\/herreriaterrana.com\/sitioweb\/wp-content\/uploads\/2021\/01\/Batiente-3-300x200.jpg 300w, http:\/\/herreriaterrana.com\/sitioweb\/wp-content\/uploads\/2021\/01\/Batiente-3-768x512.jpg 768w, http:\/\/herreriaterrana.com\/sitioweb\/wp-content\/uploads\/2021\/01\/Batiente-3-1536x1024.jpg 1536w, http:\/\/herreriaterrana.com\/sitioweb\/wp-content\/uploads\/2021\/01\/Batiente-3.jpg 2000w\" sizes=\"(max-width: 1024px) 100vw, 1024px\" \/>\t\t\t\t\t\t\t\t\t\t\t\t\t\t\t<\/div>\n\t\t\t\t<\/div>\n\t\t\t\t\t<\/div>\n\t\t<\/div>\n\t\t\t\t<div class=\"elementor-column elementor-col-50 elementor-top-column elementor-element elementor-element-4be84d6\" data-id=\"4be84d6\" data-element_type=\"column\" data-e-type=\"column\">\n\t\t\t<div class=\"elementor-widget-wrap elementor-element-populated\">\n\t\t\t\t\t\t<div class=\"elementor-element elementor-element-88f939b elementor-widget elementor-widget-heading\" data-id=\"88f939b\" data-element_type=\"widget\" data-e-type=\"widget\" data-widget_type=\"heading.default\">\n\t\t\t\t<div class=\"elementor-widget-container\">\n\t\t\t\t\t<h2 class=\"elementor-heading-title elementor-size-default\">Port\u00f3n Batiente<\/h2>\t\t\t\t<\/div>\n\t\t\t\t<\/div>\n\t\t\t\t<div class=\"elementor-element elementor-element-16e7afa elementor-widget elementor-widget-text-editor\" data-id=\"16e7afa\" data-element_type=\"widget\" data-e-type=\"widget\" data-widget_type=\"text-editor.default\">\n\t\t\t\t<div class=\"elementor-widget-container\">\n\t\t\t\t\t\t\t\t\t<p>El modelo batiente puede adaptarse a portones de una o dos hojas brindando seguridad y confort a la hora de entrar a su residencia.<\/p><p>La automatizaci\u00f3n de estos es realizada con motores BENINCA incluyendo 3 a\u00f1os de garant\u00eda.<\/p><p>La calidad y robustez de estos motores garantizan el funcionamiento en todas las condiciones clim\u00e1ticas. Adem\u00e1s, un resistente sistema de desbloqueo con llave garantiza la utilizaci\u00f3n de forma manual ante cortes de energ\u00eda.<\/p><p>La colocaci\u00f3n ser\u00e1 con guias empotradas con hormigon otorgandole gran resistencia ante el tr\u00e1nsito de autos.<\/p>\t\t\t\t\t\t\t\t<\/div>\n\t\t\t\t<\/div>\n\t\t\t\t\t<\/div>\n\t\t<\/div>\n\t\t\t\t\t<\/div>\n\t\t<\/section>\n\t\t\t\t<section class=\"elementor-section elementor-top-section elementor-element elementor-element-ae149d3 elementor-section-boxed elementor-section-height-default elementor-section-height-default\" data-id=\"ae149d3\" data-element_type=\"section\" data-e-type=\"section\" data-settings=\"{&quot;background_background&quot;:&quot;classic&quot;}\">\n\t\t\t\t\t\t<div class=\"elementor-container elementor-column-gap-default\">\n\t\t\t\t\t<div class=\"elementor-column elementor-col-25 elementor-top-column elementor-element elementor-element-b47256f\" data-id=\"b47256f\" data-element_type=\"column\" data-e-type=\"column\">\n\t\t\t<div class=\"elementor-widget-wrap\">\n\t\t\t\t\t\t\t<\/div>\n\t\t<\/div>\n\t\t\t\t<div class=\"elementor-column elementor-col-25 elementor-top-column elementor-element elementor-element-b92ad14\" data-id=\"b92ad14\" data-element_type=\"column\" data-e-type=\"column\">\n\t\t\t<div class=\"elementor-widget-wrap elementor-element-populated\">\n\t\t\t\t\t\t<div class=\"elementor-element elementor-element-7ce31ce elementor-widget elementor-widget-text-editor\" data-id=\"7ce31ce\" data-element_type=\"widget\" data-e-type=\"widget\" data-widget_type=\"text-editor.default\">\n\t\t\t\t<div class=\"elementor-widget-container\">\n\t\t\t\t\t\t\t\t\t<p><a href=\"https:\/\/www.facebook.com\/Herreria-Terrana-266102220088391\" target=\"_blank\" rel=\"noopener\"><img decoding=\"async\" class=\"alignnone wp-image-263\" src=\"http:\/\/herreriaterrana.com\/sitioweb\/wp-content\/uploads\/2021\/01\/fb.png\" alt=\"\" width=\"58\" height=\"58\" \/><\/a><\/p>\t\t\t\t\t\t\t\t<\/div>\n\t\t\t\t<\/div>\n\t\t\t\t\t<\/div>\n\t\t<\/div>\n\t\t\t\t<div class=\"elementor-column elementor-col-25 elementor-top-column elementor-element elementor-element-408d110\" data-id=\"408d110\" data-element_type=\"column\" data-e-type=\"column\">\n\t\t\t<div class=\"elementor-widget-wrap elementor-element-populated\">\n\t\t\t\t\t\t<div class=\"elementor-element elementor-element-d14da1d elementor-widget elementor-widget-text-editor\" data-id=\"d14da1d\" data-element_type=\"widget\" data-e-type=\"widget\" data-widget_type=\"text-editor.default\">\n\t\t\t\t<div class=\"elementor-widget-container\">\n\t\t\t\t\t\t\t\t\t<p><a href=\"https:\/\/www.instagram.com\/herreria.terrana\/\" target=\"_blank\" rel=\"noopener\"><img loading=\"lazy\" decoding=\"async\" class=\"alignnone wp-image-264\" src=\"http:\/\/herreriaterrana.com\/sitioweb\/wp-content\/uploads\/2021\/01\/inst.png\" alt=\"\" width=\"60\" height=\"60\" \/><\/a><\/p>\t\t\t\t\t\t\t\t<\/div>\n\t\t\t\t<\/div>\n\t\t\t\t\t<\/div>\n\t\t<\/div>\n\t\t\t\t<div class=\"elementor-column elementor-col-25 elementor-top-column elementor-element elementor-element-3237014\" data-id=\"3237014\" data-element_type=\"column\" data-e-type=\"column\">\n\t\t\t<div class=\"elementor-widget-wrap\">\n\t\t\t\t\t\t\t<\/div>\n\t\t<\/div>\n\t\t\t\t\t<\/div>\n\t\t<\/section>\n\t\t\t\t<\/div>\n\t\t","protected":false},"excerpt":{"rendered":"<p>Portones Levadizos &#8211; Corredizos &#8211; Batientes Port\u00f3n Levadizo El port\u00f3n levadizo seccional es un producto de alta tecnolog\u00eda, de f\u00e1cil apertura y una elegancia sin comparaci\u00f3n. Pueden instalarse tanto en hogares como en centros comerciales y empresas ofreciendo seguridad y comodidad. Adem\u00e1s, su mecanismo de bloqueo ante roturas permite darle una vida \u00fatil por encima [&hellip;]<\/p>\n","protected":false},"author":2,"featured_media":0,"parent":0,"menu_order":0,"comment_status":"closed","ping_status":"closed","template":"","meta":{"site-sidebar-layout":"no-sidebar","site-content-layout":"page-builder","ast-site-content-layout":"default","site-content-style":"default","site-sidebar-style":"default","ast-global-header-display":"","ast-banner-title-visibility":"","ast-main-header-display":"","ast-hfb-above-header-display":"","ast-hfb-below-header-display":"","ast-hfb-mobile-header-display":"","site-post-title":"disabled","ast-breadcrumbs-content":"","ast-featured-img":"disabled","footer-sml-layout":"","ast-disable-related-posts":"","theme-transparent-header-meta":"default","adv-header-id-meta":"","stick-header-meta":"","header-above-stick-meta":"","header-main-stick-meta":"","header-below-stick-meta":"","astra-migrate-meta-layouts":"default","ast-page-background-enabled":"default","ast-page-background-meta":{"desktop":{"background-color":"","background-image":"","background-repeat":"repeat","background-position":"center center","background-size":"auto","background-attachment":"scroll","background-type":"","background-media":"","overlay-type":"","overlay-color":"","overlay-opacity":"","overlay-gradient":""},"tablet":{"background-color":"","background-image":"","background-repeat":"repeat","background-position":"center center","background-size":"auto","background-attachment":"scroll","background-type":"","background-media":"","overlay-type":"","overlay-color":"","overlay-opacity":"","overlay-gradient":""},"mobile":{"background-color":"","background-image":"","background-repeat":"repeat","background-position":"center center","background-size":"auto","background-attachment":"scroll","background-type":"","background-media":"","overlay-type":"","overlay-color":"","overlay-opacity":"","overlay-gradient":""}},"ast-content-background-meta":{"desktop":{"background-color":"var(--ast-global-color-4)","background-image":"","background-repeat":"repeat","background-position":"center center","background-size":"auto","background-attachment":"scroll","background-type":"","background-media":"","overlay-type":"","overlay-color":"","overlay-opacity":"","overlay-gradient":""},"tablet":{"background-color":"var(--ast-global-color-4)","background-image":"","background-repeat":"repeat","background-position":"center center","background-size":"auto","background-attachment":"scroll","background-type":"","background-media":"","overlay-type":"","overlay-color":"","overlay-opacity":"","overlay-gradient":""},"mobile":{"background-color":"var(--ast-global-color-4)","background-image":"","background-repeat":"repeat","background-position":"center center","background-size":"auto","background-attachment":"scroll","background-type":"","background-media":"","overlay-type":"","overlay-color":"","overlay-opacity":"","overlay-gradient":""}},"ngg_post_thumbnail":0,"footnotes":""},"class_list":["post-59","page","type-page","status-publish","hentry"],"_links":{"self":[{"href":"http:\/\/herreriaterrana.com\/sitioweb\/wp-json\/wp\/v2\/pages\/59","targetHints":{"allow":["GET"]}}],"collection":[{"href":"http:\/\/herreriaterrana.com\/sitioweb\/wp-json\/wp\/v2\/pages"}],"about":[{"href":"http:\/\/herreriaterrana.com\/sitioweb\/wp-json\/wp\/v2\/types\/page"}],"author":[{"embeddable":true,"href":"http:\/\/herreriaterrana.com\/sitioweb\/wp-json\/wp\/v2\/users\/2"}],"replies":[{"embeddable":true,"href":"http:\/\/herreriaterrana.com\/sitioweb\/wp-json\/wp\/v2\/comments?post=59"}],"version-history":[{"count":25,"href":"http:\/\/herreriaterrana.com\/sitioweb\/wp-json\/wp\/v2\/pages\/59\/revisions"}],"predecessor-version":[{"id":305,"href":"http:\/\/herreriaterrana.com\/sitioweb\/wp-json\/wp\/v2\/pages\/59\/revisions\/305"}],"wp:attachment":[{"href":"http:\/\/herreriaterrana.com\/sitioweb\/wp-json\/wp\/v2\/media?parent=59"}],"curies":[{"name":"wp","href":"https:\/\/api.w.org\/{rel}","templated":true}]}}